{"id":20434,"date":"2019-08-28T04:52:56","date_gmt":"2019-08-28T04:52:56","guid":{"rendered":"https:\/\/gast.vamtam.com\/?page_id=20434"},"modified":"2024-01-14T20:10:20","modified_gmt":"2024-01-14T20:10:20","slug":"comments","status":"publish","type":"page","link":"https:\/\/villasanddune.com\/index.php\/comments\/","title":{"rendered":"Comments"},"content":{"rendered":"<div class=\"vgblk-rw-wrapper limit-wrapper\">\n\n\t<p>Devorah\u00a0ENGLAND<\/p>\n<ul>\n<li>6 \u00a0nights \u00b7\u00a0\u00a0August 2023<\/li>\n<\/ul>\n<ul>\n<li>Group<\/li>\n<\/ul>\n<p><strong>EXCELLENT 10<\/strong><\/p>\n<p><strong>LIKED<\/strong>\u00a0\u00b7\u00a0Highly reccomend this villa! The inside is comfortable and well stocked with kitchen supplies, food, books, games and even a medical kit. The garden and pool area are beautiful; very clean and well lit at night. The grounds are expansive with a large variety of lounge areas &#8211; we loved the outdoor speaker system! The hosts are really friendly and helpful &#8211; they prepared a welcome package for us and went out of the way to accommodate our needs. The beach is a 10 min walk away, and shops are approx 20 mins away. We had a fantastic time!<\/p>\n<p>&nbsp;<\/p>\n\t<p>Miko\u0142aj GERMANY<\/p>\n<ul>\n<li>7 nights \u00b7 July 2023<\/li>\n<li>Group<\/li>\n<\/ul>\n<p>Great place for relaxing vacation out of noisy touristic areas. House is well maintained and super clean. Pool and terrace<\/p>\n<p><strong>EXCELLENT 10<\/strong><\/p>\n<p><strong>LIKED<\/strong> \u00a0\u00b7 Great place for vacation with family and friends. Out of noisy tourist centers. The house is very well maintained and equipped. Pool and terrace are spectacular.<\/p>\n\t<p>Madalin ROMANIA<\/p>\n<ul>\n<li>7 nights \u00b7 July 2023<\/li>\n<li>Family<\/li>\n<\/ul>\n<p><strong>EXCELLENT 10<\/strong><\/p>\n<p><strong>LIKED<\/strong> \u00a0\u00b7 Everything. The location is perfect for a real break away from daily stress. Host very proactive, location is well furnished and well developed in order to meet any of your needs. Taverna is 50 meters away as well.<\/p>\n<p><strong>DID NOT LIKE<\/strong> \u00a0 \u00b7 Nothing. Everything was perfect.<\/p>\n\t<p>Eythimis GREECE<\/p>\n<ul>\n<li>4 nights \u00b7 August 2022<\/li>\n<li>Group<\/li>\n<\/ul>\n<p>Quiet place, the host was very friendly. The building was very clean. I would definitely recommend and visit it again<\/p>\n<p><strong>\u00a0EXCELLENT 10<\/strong><\/p>\n<p><strong>LIKED<\/strong> \u00a0\u00b7 Everything was perfect<\/p>\n\t<p>Sabine\u00a0\u0393\u03b5\u03c1\u03bc\u03b1\u03bd\u03af\u03b1<\/p>\n<ul>\n<li>11 nights October\u00b7 2022<\/li>\n<li>Family<\/li>\n<\/ul>\n<h3>einfach wunderbar 9!<\/h3>\n<p><strong>LIKED<\/strong>\u00a0\u00b7\u00a0Die Villa war sehr sch\u00f6n und die Gastgeber waren einmalig, unglaublich nett, freundlich und hilfsbereit. Der Pool ist sehr sauber, da er h\u00e4ufig gereinigt wird. Zum Strand sind es nur 10 Minuten zu Fu\u00df. Schr\u00e4g gegen\u00fcber gibt es eine richtig gute Taverne mit sehr nettem Personal und sehr leckerem Essen. Die Lage der Villa ist hervorragend, wenn man es gerne ruhig hat und sich erholen m\u00f6chte. (Wir waren im Oktober dort).<\/p>\n\t<p>Colin\u00a0ENGLAND<\/p>\n<ul>\n<li>7 nights \u00a0\u00b7\u00a0\u00a0\u00a0August\u00a0 2022<\/li>\n<li>Family<\/li>\n<\/ul>\n<p>We saved hard for this special holiday, and it still exceeded all our expectations.<\/p>\n<p><strong>EXCELLENT 10<\/strong><\/p>\n<p><strong>LIKED<\/strong>\u00a0\u00b7\u00a0We received clear instruction, and everything checked out smoothly.<\/p>\n<p><strong>DID NOT LIKE<\/strong>\u00a0 \u00b7\u00a0We cannot think of anything that needs improvement at Villa Sand Dune.<\/p>\n\t<p>Sian\u00a0ENGLAND<\/p>\n<ul>\n<li>10 nights \u00a0\u00b7\u00a0\u00a0July 2023<\/li>\n<li>Family<\/li>\n<\/ul>\n<p><strong>\u00a0EXCELLENT 10<\/strong><\/p>\n<p><strong>LIKED<\/strong>\u00a0\u00b7\u00a0Where to begin! The villa is fantastic, in a great location with everything that you need. Our hosts were amazing, so thoughtful and generous with all of the lovely additional touches, such as fresh fruit on arrival, lovely gifts left for us, to exceptional communication throughout our stay. We had two cleans during our 10 night stay, and the days\/timings for these were mutually agreed. Each bedroom has air-conditioning, making nights comfortable in the heat. The villa is only 600m from beautiful Issos beach, with a fab taverna (Amofolos) only 50m away. We will definitely be back!<\/p>\n\t<p>G\u00e1bor\u00a0HUNGARY<\/p>\n<ul>\n<li>7 nights \u00a0\u00b7\u00a0\u00a0June 2023<\/li>\n<li>Family<\/li>\n<\/ul>\n<p>Would go back in the future<\/p>\n<p><strong>EXCELLENT 10<\/strong><\/p>\n<p><strong>LIKED<\/strong>\u00a0\u00b7\u00a0Refreshments waiting for us on arrival (water, juice, wine, snacks, fruit basket), hepful owner, good communication, nice appartment and garten, jacuzzi, pool. Close to Issos beach.<\/p>\n<p><strong>DID NOT LIKE<\/strong>\u00a0 \u00b7\u00a0Solar heated water not always enough for 8 people but on warm days it is not a big issue.<\/p>\n\t<p>Pawel\u00a0ENGLAND<\/p>\n<ul>\n<li>8 nights \u00a0\u00b7\u00a0\u00a0April 2023<\/li>\n<li>Family<\/li>\n<\/ul>\n<p>The owners of the villa are wonderful people, they will remain in my heart forever.<\/p>\n<p><strong>EXCELLENT 10<\/strong><\/p>\n<p><strong>LIKED<\/strong>\u00a0\u00b7\u00a0If you like peace and quiet, I highly recommend this villa for you. I spent a very nice time there with my family.<\/p>\n\t<p>Vesela\u00a0BULGARIA<\/p>\n<ul>\n<li>9 nights \u00a0\u00b7\u00a0\u00a0September 2021<\/li>\n<li>Family<\/li>\n<\/ul>\n<p><strong>EXCELLENT 10<\/strong><\/p>\n<p><strong>LIKED<\/strong>\u00a0\u00b7\u00a0This is a wonderful Villa near by a great sandy beach. The owners are very kind and generous. We&#8217;ve spend a great time there. We&#8217;ll definitely come back again.<\/p>\n\t<p>Monika\u00a0BELGIUM<\/p>\n<ul>\n<li>14 nights \u00b7\u00a0\u00a0\u00a0\u00a0August 2021<\/li>\n<li>Family<\/li>\n<\/ul>\n<p><strong>Great place to be<\/strong><\/p>\n<p><strong>EXCELLENT 10<\/strong><\/p>\n<p><strong>LIKED<\/strong>\u00a0\u00b7\u00a0It is an amazing villa. Good for three couples, close to the tasty and budget taverna and wonderfull sandy beach. It&#8217;s a dream place to just relax, everything is at hand. Owners are very friendly and helpfull, we were in contact on the phone and everything got solved that way. Definately thinking to come back.<\/p>\n<p>G\u00e1bor HUNGARY<\/p>\n<ul>\n<li>7 nights \u00b7 June 2023<\/li>\n<li>Family<\/li>\n<\/ul>\n<p>Would go back in the future<\/p>\n<p><strong>EXCELLENT 10<\/strong><\/p>\n<p><strong>LIKED<\/strong> \u00a0\u00b7 Refreshments waiting for us on arrival (water, juice, wine, snacks, fruit basket), happy owner, good communication, nice apartment and garden, jacuzzi, pool. Close to Issos beach.<\/p>\n<p><strong>DID NOT LIKE<\/strong> \u00a0 \u00b7 Solar heated water not always enough for 8 people but on warm days it is not a big issue.<\/p>\n\t<p>Felix\u00a0GERMANY<\/p>\n<ul>\n<li>7 nights \u00a0\u00b7\u00a0\u00a0\u00a0August 2022<\/li>\n<li>Group<\/li>\n<\/ul>\n<p><strong>EXCELLENT 10<\/strong><\/p>\n<p><strong>LIKED<\/strong>\u00a0\u00b7\u00a0Super nette und zuvorkommende Gastgeber. Frisches Obst und Wasser bei der Ankunft. Handt\u00fccher und gute K\u00fcchenausstattung vorhanden. Der Gastgeber hat uns sogar mit Grillgut \u00fcberrascht. Der Pool wurde regelm\u00e4\u00dfig gewartet. Schl\u00fcssel\u00fcbergabe und -abgabe waren problemfrei. Strand problemfrei in wenigen Minuten erreichbar. Leckere und preiswerte Taverne in unmittelbarer Umgebung. Sch\u00f6ne und gr\u00fcne Aussenanlage. Der Gastgeber war immer erreichbar und hat sich aktiv gek\u00fcmmert.<\/p>\n\t<p>Adrian\u00a0ROMANIA<\/p>\n<ul>\n<li>8 nights\u00a0 \u00b7\u00a0\u00a0JULY 2021<\/li>\n<li>Group<\/li>\n<\/ul>\n<p><strong>VERY<\/strong> <strong>GOOD<\/strong><strong>! 9<\/strong><\/p>\n<p>&nbsp;<\/p>\n<p><strong>LIKED<\/strong>\u00a0\u00b7\u00a0\u00a0Vila este localizata aproape de plaja (aproximativ 500 m). Este foarte usor de ajuns la plaja. Dispune de bucatarie open space, unde poti sa iti gatesti. DAca nu ai chef sa gatesti, la 50 m de vila este o taverna cu mancare foarte buna si cu oameni prietenosi -poti manca acolo sau poti comanda si-ti livreaza la vila. Ca bonus am gasit pe masa fructe frumos aranjate in cosulet, 2 sticle de vin (alb si rosu), cafea instant, ceai, jeleuri, in frigider : apa, suc si napolitane. Multumim! Gazdele au fost foarte receptive la dorintele noastre, am ramas incuiati pe dinafara si au venit in jumatate de ora sa ne deschida, au curatat piscina din doua in doua zile.<\/p>\n<p><strong>DID NOT LIKE<\/strong>\u00a0\u00b7\u00a0Nu a mers aerul conditionat in living si in una din camere (dar cred ca se remedia daca anuntam pentru ca ei au fost foarte receptivi la dorintele noastre). Masina de spalat are o problema: curgea apa din ea, pentru ca are garnitura rupta.<\/p>\n\t<p>Lukasz\u00a0POLAND<\/p>\n<ul>\n<li>7 nights \u00b7\u00a0\u00a0\u0391\u03cd\u03b3\u03bf\u03c5\u03c3\u03c4\u03bf\u03c2 2023<\/li>\n<li>Group<\/li>\n<\/ul>\n<p><strong>EXCELLENT 10<\/strong><\/p>\n<p><strong>LIKED<\/strong>\u00a0\u00b7\u00a0Bardzo polecam wakacje w tym miejscu! Domek jest zadbany, czysty, okolica bardzo spokojna. W bliskiej odleg\u0142o\u015bci knajpka z pysznym, greckim jedzeniem w przyst\u0119pnych cenach; do plazy, o statusie Natura 2000, tez jest blisko. W\u0142a\u015bciciele to przemili ludzie, bardzo staraj\u0105cy si\u0119, \u017ceby ich go\u015bcie byli zadowoleni. Sp\u0119dzili\u015bmy w Villa Sand Dune super wakacje w sierpniu \ud83d\ude0a\u263a\ufe0f\ud83d\ude0a P.S. Jacuzzi i muzyka w patio &#8211; mega \ud83e\udd70\ud83e\udd70<\/p>\n<p><strong>DID NOT LIKE<\/strong>\u00a0\u00b7\u00a0Ma\u0142y minus za tylko jeden kontakt w ma\u0142ej sypialni i troch\u0119 za ma\u0142y zbiornik na wod\u0119 ciep\u0142\u0105- kiedy kilka os\u00f3b si\u0119 umyje, woda jest ch\u0142odna (nie przeszkadza to jednak kiedy na dworze jest gor\u0105co)<\/p>\n\t<p>Guido\u00a0GERMANY<\/p>\n<ul>\n<li>10 nights \u00b7\u00a0\u00a0June 2022<\/li>\n<li>Couple<\/li>\n<\/ul>\n<h3>Korfu abseits vom Trubel<\/h3>\n<p><strong>LIKED:<\/strong>\u00a0\u00b7\u00a0Die Lage des Ferienhauses war genau nach unseren Vorstellungen. Ein riesiges, gepflegtes Grundst\u00fcck, vollkommen ruhig gelegen. aber trotzdem nah am Strand und eine gute Taverne fast gegen\u00fcber. Falls wir nochmal in diese Gegend von Korfu reisen, dann buchen wir sicher wieder dieses Haus! Sehr netter Kontakt mit den Besitzern. Eine fehlende Kaffeemaschine wurde umgehend besorgt. Sehr gute Internetverbindung \u00fcber wlan. Gute Klimaanlage (die man auch braucht).<\/p>\n<p><strong>DID NOT LIKE:<\/strong>\u00a0\u00b7\u00a0Die Betten waren f\u00fcr uns etwas zu schmal. Wir m\u00f6gen es gerne breit. Trotz Sat-TV kein deutscher Sender. Uns hat es nicht gest\u00f6rt, denn wir schauen im Urlaub kein TV.<\/p>\n\t<p>Adrian\u00a0ROMANIA<\/p>\n<ul>\n<li>8 nights \u00a0\u00b7\u00a0\u00a0July 2021<\/li>\n<\/ul>\n<ul>\n<li>Group<\/li>\n<\/ul>\n<h3>VERY GOOD 9<\/h3>\n<p><strong>LIKED<\/strong> \u00a0\u00b7\u00a0Vila este localizata aproape de plaja (aproximativ 500 m). Este foarte usor de ajuns la plaja. Dispune de bucatarie open space, unde poti sa iti gatesti. DAca nu ai chef sa gatesti, la 50 m de vila este o taverna cu mancare foarte buna si cu oameni prietenosi -poti manca acolo sau poti comanda si-ti livreaza la vila. Ca bonus am gasit pe masa fructe frumos aranjate in cosulet, 2 sticle de vin (alb si rosu), cafea instant, ceai, jeleuri, in frigider : apa, suc si napolitane. Multumim! Gazdele au fost foarte receptive la dorintele noastre, am ramas incuiati pe dinafara si au venit in jumatate de ora sa ne deschida, au curatat piscina din doua in doua zile.<\/p>\n<p><strong>DID NOT LIKE:<\/strong>\u00a0\u00a0\u00b7\u00a0Nu a mers aerul conditionat in living si in una din camere (dar cred ca se remedia daca anuntam pentru ca ei au fost foarte receptivi la dorintele noastre). Masina de spalat are o problema: curgea apa din ea, pentru ca are garnitura rupta.<\/p>\n\t<p>Anonymous\u00a0FRANCE<\/p>\n<ul>\n<li>7 nights \u00b7\u00a0\u00a0August 2022<\/li>\n<li>Family<\/li>\n<\/ul>\n<h3>belle villa parfaitement situ\u00e9e entre montagne et mer avec un acc\u00e8s \u00e0 un tr\u00e8s belle plage. Propri\u00e9taires super charmants<\/h3>\n<p><strong>LIKED:<\/strong>\u00a0\u00b7\u00a0la villa avec ses am\u00e9nagements ext\u00e9rieur et l&#8217;emplacement l&#8217;emplacement : : nature et mer<\/p>\n\t<p>Cristina\u00a0MOLDAVIAN<\/p>\n<ul>\n<li>8 nights \u00a0\u00a0September 2023<\/li>\n<li>Group<\/li>\n<\/ul>\n<p><strong>EXCELLENT 10<\/strong><\/p>\n\n<\/div><!-- .vgblk-rw-wrapper -->","protected":false},"excerpt":{"rendered":"<p>Devorah\u00a0ENGLAND 6 \u00a0nights \u00b7\u00a0\u00a0August 2023 Group EXCELLENT 10 LIKED\u00a0\u00b7\u00a0Highly reccomend this villa! The inside is comfortable and well stocked with kitchen supplies, food, books, games and even a medical kit&#8230;.<\/p>\n","protected":false},"author":1,"featured_media":0,"parent":0,"menu_order":0,"comment_status":"closed","ping_status":"closed","template":"","meta":{"inline_featured_image":false,"_mc_calendar":[],"footnotes":""},"class_list":["post-20434","page","type-page","status-publish","hentry"],"yoast_head":"<!-- This site is optimized with the Yoast SEO plugin v24.5 - https:\/\/yoast.com\/wordpress\/plugins\/seo\/ -->\n<title>Comments - Villa Sand Dune<\/title>\n<meta name=\"robots\" content=\"index, follow, max-snippet:-1, max-image-preview:large, max-video-preview:-1\" \/>\n<link rel=\"canonical\" href=\"https:\/\/villasanddune.com\/index.php\/comments\/\" \/>\n<meta property=\"og:locale\" content=\"el_GR\" \/>\n<meta property=\"og:type\" content=\"article\" \/>\n<meta property=\"og:title\" content=\"Comments - Villa Sand Dune\" \/>\n<meta property=\"og:description\" content=\"Devorah\u00a0ENGLAND 6 \u00a0nights \u00b7\u00a0\u00a0August 2023 Group EXCELLENT 10 LIKED\u00a0\u00b7\u00a0Highly reccomend this villa! The inside is comfortable and well stocked with kitchen supplies, food, books, games and even a medical kit....\" \/>\n<meta property=\"og:url\" content=\"https:\/\/villasanddune.com\/index.php\/comments\/\" \/>\n<meta property=\"og:site_name\" content=\"Villa Sand Dune\" \/>\n<meta property=\"article:modified_time\" content=\"2024-01-14T20:10:20+00:00\" \/>\n<meta name=\"twitter:card\" content=\"summary_large_image\" \/>\n<meta name=\"twitter:label1\" content=\"\u0395\u03ba\u03c4\u03b9\u03bc\u03ce\u03bc\u03b5\u03bd\u03bf\u03c2 \u03c7\u03c1\u03cc\u03bd\u03bf\u03c2 \u03b1\u03bd\u03ac\u03b3\u03bd\u03c9\u03c3\u03b7\u03c2\" \/>\n\t<meta name=\"twitter:data1\" content=\"7 \u03bb\u03b5\u03c0\u03c4\u03ac\" \/>\n<script type=\"application\/ld+json\" class=\"yoast-schema-graph\">{\"@context\":\"https:\/\/schema.org\",\"@graph\":[{\"@type\":\"WebPage\",\"@id\":\"https:\/\/villasanddune.com\/index.php\/comments\/\",\"url\":\"https:\/\/villasanddune.com\/index.php\/comments\/\",\"name\":\"Comments - Villa Sand Dune\",\"isPartOf\":{\"@id\":\"https:\/\/villasanddune.com\/#website\"},\"datePublished\":\"2019-08-28T04:52:56+00:00\",\"dateModified\":\"2024-01-14T20:10:20+00:00\",\"breadcrumb\":{\"@id\":\"https:\/\/villasanddune.com\/index.php\/comments\/#breadcrumb\"},\"inLanguage\":\"el\",\"potentialAction\":[{\"@type\":\"ReadAction\",\"target\":[\"https:\/\/villasanddune.com\/index.php\/comments\/\"]}]},{\"@type\":\"BreadcrumbList\",\"@id\":\"https:\/\/villasanddune.com\/index.php\/comments\/#breadcrumb\",\"itemListElement\":[{\"@type\":\"ListItem\",\"position\":1,\"name\":\"\u0391\u03c1\u03c7\u03b9\u03ba\u03ae\",\"item\":\"https:\/\/villasanddune.com\/\"},{\"@type\":\"ListItem\",\"position\":2,\"name\":\"Comments\"}]},{\"@type\":\"WebSite\",\"@id\":\"https:\/\/villasanddune.com\/#website\",\"url\":\"https:\/\/villasanddune.com\/\",\"name\":\"Villa Sand Dune\",\"description\":\"\",\"publisher\":{\"@id\":\"https:\/\/villasanddune.com\/#organization\"},\"potentialAction\":[{\"@type\":\"SearchAction\",\"target\":{\"@type\":\"EntryPoint\",\"urlTemplate\":\"https:\/\/villasanddune.com\/?s={search_term_string}\"},\"query-input\":{\"@type\":\"PropertyValueSpecification\",\"valueRequired\":true,\"valueName\":\"search_term_string\"}}],\"inLanguage\":\"el\"},{\"@type\":\"Organization\",\"@id\":\"https:\/\/villasanddune.com\/#organization\",\"name\":\"Villa Sand Dune\",\"url\":\"https:\/\/villasanddune.com\/\",\"logo\":{\"@type\":\"ImageObject\",\"inLanguage\":\"el\",\"@id\":\"https:\/\/villasanddune.com\/#\/schema\/logo\/image\/\",\"url\":\"https:\/\/villasanddune.com\/wp-content\/uploads\/2015\/08\/cropped-Untitled-design-5xx.png\",\"contentUrl\":\"https:\/\/villasanddune.com\/wp-content\/uploads\/2015\/08\/cropped-Untitled-design-5xx.png\",\"width\":323,\"height\":160,\"caption\":\"Villa Sand Dune\"},\"image\":{\"@id\":\"https:\/\/villasanddune.com\/#\/schema\/logo\/image\/\"}}]}<\/script>\n<!-- \/ Yoast SEO plugin. -->","yoast_head_json":{"title":"Comments - Villa Sand Dune","robots":{"index":"index","follow":"follow","max-snippet":"max-snippet:-1","max-image-preview":"max-image-preview:large","max-video-preview":"max-video-preview:-1"},"canonical":"https:\/\/villasanddune.com\/index.php\/comments\/","og_locale":"el_GR","og_type":"article","og_title":"Comments - Villa Sand Dune","og_description":"Devorah\u00a0ENGLAND 6 \u00a0nights \u00b7\u00a0\u00a0August 2023 Group EXCELLENT 10 LIKED\u00a0\u00b7\u00a0Highly reccomend this villa! The inside is comfortable and well stocked with kitchen supplies, food, books, games and even a medical kit....","og_url":"https:\/\/villasanddune.com\/index.php\/comments\/","og_site_name":"Villa Sand Dune","article_modified_time":"2024-01-14T20:10:20+00:00","twitter_card":"summary_large_image","twitter_misc":{"\u0395\u03ba\u03c4\u03b9\u03bc\u03ce\u03bc\u03b5\u03bd\u03bf\u03c2 \u03c7\u03c1\u03cc\u03bd\u03bf\u03c2 \u03b1\u03bd\u03ac\u03b3\u03bd\u03c9\u03c3\u03b7\u03c2":"7 \u03bb\u03b5\u03c0\u03c4\u03ac"},"schema":{"@context":"https:\/\/schema.org","@graph":[{"@type":"WebPage","@id":"https:\/\/villasanddune.com\/index.php\/comments\/","url":"https:\/\/villasanddune.com\/index.php\/comments\/","name":"Comments - Villa Sand Dune","isPartOf":{"@id":"https:\/\/villasanddune.com\/#website"},"datePublished":"2019-08-28T04:52:56+00:00","dateModified":"2024-01-14T20:10:20+00:00","breadcrumb":{"@id":"https:\/\/villasanddune.com\/index.php\/comments\/#breadcrumb"},"inLanguage":"el","potentialAction":[{"@type":"ReadAction","target":["https:\/\/villasanddune.com\/index.php\/comments\/"]}]},{"@type":"BreadcrumbList","@id":"https:\/\/villasanddune.com\/index.php\/comments\/#breadcrumb","itemListElement":[{"@type":"ListItem","position":1,"name":"\u0391\u03c1\u03c7\u03b9\u03ba\u03ae","item":"https:\/\/villasanddune.com\/"},{"@type":"ListItem","position":2,"name":"Comments"}]},{"@type":"WebSite","@id":"https:\/\/villasanddune.com\/#website","url":"https:\/\/villasanddune.com\/","name":"Villa Sand Dune","description":"","publisher":{"@id":"https:\/\/villasanddune.com\/#organization"},"potentialAction":[{"@type":"SearchAction","target":{"@type":"EntryPoint","urlTemplate":"https:\/\/villasanddune.com\/?s={search_term_string}"},"query-input":{"@type":"PropertyValueSpecification","valueRequired":true,"valueName":"search_term_string"}}],"inLanguage":"el"},{"@type":"Organization","@id":"https:\/\/villasanddune.com\/#organization","name":"Villa Sand Dune","url":"https:\/\/villasanddune.com\/","logo":{"@type":"ImageObject","inLanguage":"el","@id":"https:\/\/villasanddune.com\/#\/schema\/logo\/image\/","url":"https:\/\/villasanddune.com\/wp-content\/uploads\/2015\/08\/cropped-Untitled-design-5xx.png","contentUrl":"https:\/\/villasanddune.com\/wp-content\/uploads\/2015\/08\/cropped-Untitled-design-5xx.png","width":323,"height":160,"caption":"Villa Sand Dune"},"image":{"@id":"https:\/\/villasanddune.com\/#\/schema\/logo\/image\/"}}]}},"_links":{"self":[{"href":"https:\/\/villasanddune.com\/index.php\/wp-json\/wp\/v2\/pages\/20434","targetHints":{"allow":["GET"]}}],"collection":[{"href":"https:\/\/villasanddune.com\/index.php\/wp-json\/wp\/v2\/pages"}],"about":[{"href":"https:\/\/villasanddune.com\/index.php\/wp-json\/wp\/v2\/types\/page"}],"author":[{"embeddable":true,"href":"https:\/\/villasanddune.com\/index.php\/wp-json\/wp\/v2\/users\/1"}],"replies":[{"embeddable":true,"href":"https:\/\/villasanddune.com\/index.php\/wp-json\/wp\/v2\/comments?post=20434"}],"version-history":[{"count":3,"href":"https:\/\/villasanddune.com\/index.php\/wp-json\/wp\/v2\/pages\/20434\/revisions"}],"predecessor-version":[{"id":987890,"href":"https:\/\/villasanddune.com\/index.php\/wp-json\/wp\/v2\/pages\/20434\/revisions\/987890"}],"wp:attachment":[{"href":"https:\/\/villasanddune.com\/index.php\/wp-json\/wp\/v2\/media?parent=20434"}],"curies":[{"name":"wp","href":"https:\/\/api.w.org\/{rel}","templated":true}]}}